{"id":1274,"date":"2024-04-22T18:02:43","date_gmt":"2024-04-22T18:02:43","guid":{"rendered":"https:\/\/www.kouete.com\/?page_id=1274"},"modified":"2025-06-24T14:12:28","modified_gmt":"2025-06-24T14:12:28","slug":"impressum","status":"publish","type":"page","link":"https:\/\/www.kouete.com\/de\/impressum\/","title":{"rendered":"Impressum"},"content":{"rendered":"<div data-elementor-type=\"wp-page\" data-elementor-id=\"1274\" class=\"elementor elementor-1274\" data-elementor-post-type=\"page\">\n\t\t\t\t<div class=\"elementor-element elementor-element-35f067a e-flex e-con-boxed wpr-particle-no wpr-jarallax-no wpr-parallax-no wpr-sticky-section-no e-con e-parent\" data-id=\"35f067a\" data-element_type=\"container\" data-settings=\"{&quot;ekit_has_onepagescroll_dot&quot;:&quot;yes&quot;}\">\n\t\t\t\t\t<div class=\"e-con-inner\">\n\t\t\t\t<div class=\"elementor-element elementor-element-b74cabc elementor-widget elementor-widget-text-editor\" data-id=\"b74cabc\" data-element_type=\"widget\" data-settings=\"{&quot;ekit_we_effect_on&quot;:&quot;none&quot;}\" data-widget_type=\"text-editor.default\">\n\t\t\t\t<div class=\"elementor-widget-container\">\n\t\t\t\t\t\t\t\t\t<h1 data-start=\"110\" data-end=\"123\"><strong data-start=\"110\" data-end=\"123\">Herausgeber<\/strong><\/h1>\n<p data-start=\"125\" data-end=\"213\"><strong data-start=\"125\" data-end=\"158\">Kouete Digital Solutions GmbH<\/strong><br data-start=\"158\" data-end=\"161\" \/>Klagenfurter Strasse 50<br data-start=\"184\" data-end=\"187\" \/>70469 Stuttgart, Germany<\/p>\n<p data-start=\"215\" data-end=\"264\">Phone: +49 173 9403034<br data-start=\"237\" data-end=\"240\" \/>Email: <a class=\"cursor-pointer\" rel=\"noopener\" data-start=\"247\" data-end=\"262\">info@kouete.com<\/a><\/p>\n<h1 data-start=\"266\" data-end=\"395\"><strong data-start=\"266\" data-end=\"285\">Registergericht:<\/strong><\/h1>\n<p data-start=\"266\" data-end=\"395\">Stuttgart<br data-start=\"297\" data-end=\"300\" \/>Kouete Digital Solutions GmbH<br data-start=\"329\" data-end=\"332\" \/>Commercial Register No.: HRB 787613<br data-start=\"367\" data-end=\"370\" \/>VAT ID No.: DE358031776<\/p>\n<hr data-start=\"397\" data-end=\"400\" \/>\n<p data-start=\"402\" data-end=\"481\"><strong data-start=\"402\" data-end=\"438\">Kouete Digital Solutions CMR LTD<\/strong><br data-start=\"438\" data-end=\"441\" \/>De Gaulle Residence<br data-start=\"460\" data-end=\"463\" \/>Douala, Cameroon<\/p>\n<p data-start=\"483\" data-end=\"590\">Telefon:<br data-start=\"507\" data-end=\"510\" \/>RCCM Nr.:\u00a0 R. C.\/DLN\/2023\/B\/337<br data-start=\"556\" data-end=\"559\" \/>UNIQUE I. Nr.: M022317974256F<\/p>\n<hr data-start=\"592\" data-end=\"595\" \/>\n<h1 data-start=\"597\" data-end=\"694\"><strong data-start=\"597\" data-end=\"625\">Verantwortlich f\u00fcr den Inhalt:<\/strong><\/h1>\n<p data-start=\"597\" data-end=\"694\">Kouete Digital Solutions GmbH<br data-start=\"657\" data-end=\"660\" \/>Ghislain Kouete<br data-start=\"675\" data-end=\"678\" \/>Steffen Kr\u00e4mer<\/p>\n<hr data-start=\"696\" data-end=\"699\" \/>\n<h1 data-start=\"701\" data-end=\"1063\"><strong data-start=\"701\" data-end=\"716\">Haftungshinweis:<\/strong><\/h1>\n<p data-start=\"701\" data-end=\"1063\">Die Inhalte der Webseiten der Kouete Digital Solutions GmbH wurde mit gr\u00f6\u00dfter Sorgfalt erstellt. Trotzdem k\u00f6nnen Fehler enthalten sein oder Informationen veraltet. Wir weisen ausdr\u00fccklich darauf hin, dass wir f\u00fcr die Richtigkeit der Informationen und deren Aktualit\u00e4t keinerlei Garantie \u00fcbernehmen k\u00f6nnen. Dies gilt insbesondere auch f\u00fcr die Inhalte externer verlinkten Webseiten.<\/p>\n<p data-start=\"1065\" data-end=\"1231\">Trotz sorgf\u00e4ltiger inhaltlicher Kontrolle \u00fcbernehmen wir keine Haftung f\u00fcr die Inhalte externer Links. F\u00fcr den Inhalt der verlinkten Seiten sind ausschlie\u00dflich deren Betreiber verantwortlich.<\/p>\n<hr data-start=\"1233\" data-end=\"1236\" \/>\n<h1 data-start=\"1238\" data-end=\"1490\"><strong data-start=\"1238\" data-end=\"1259\">Copyright<\/strong><\/h1>\n<p data-start=\"1238\" data-end=\"1490\">Der Aufbau sowie der Inhalt der Web-Seite von Kouete Digital Solutions GmbH unterliegen dem Urheberrecht. Die Verwendung der Informationen oder Daten, insbesondere die Wiederverwendung von Texten, Textteilen oder Bildmaterial bedarf unserer ausdr\u00fccklichen und vorherigen Zustimmung!<\/p>\n<p><!-- \/wp:paragraph --><\/p>\t\t\t\t\t\t\t\t<\/div>\n\t\t\t\t<\/div>\n\t\t\t\t<div class=\"elementor-element elementor-element-ab10529 elementor-hidden-desktop elementor-hidden-tablet elementor-hidden-mobile elementor-widget elementor-widget-text-editor\" data-id=\"ab10529\" data-element_type=\"widget\" data-settings=\"{&quot;ekit_we_effect_on&quot;:&quot;none&quot;}\" data-widget_type=\"text-editor.default\">\n\t\t\t\t<div class=\"elementor-widget-container\">\n\t\t\t\t\t\t\t\t\t<h1 style=\"padding: 0px;margin: 0px 0px 20px;clear: both\"><span style=\"color: inherit;font-family: inherit;font-size: 2rem;text-align: var(--text-align)\">Herausgeber<\/span><\/h1>\n<p style=\"padding: 0px;margin: 0px 0px 10px;font-family: 'Open Sans', Helvetica, Arial, Verdana, sans-serif;font-size: 15px\">Kouete Digital Solutions GmbH<br style=\"padding: 0px;margin: 0px\" \/>Klagenfurter Strasse 50<br style=\"padding: 0px;margin: 0px\" \/>70469 Stuttgart<\/p>\n<p style=\"padding: 0px;margin: 0px 0px 10px;font-family: 'Open Sans', Helvetica, Arial, Verdana, sans-serif;font-size: 15px\">Telefon:\u00a0<span dir=\"ltr\">+49 173 9403034<\/span><br style=\"padding: 0px;margin: 0px\" \/>E-Mail: info@kouete.com<\/p>\n<h2 style=\"padding: 0px;margin: 0px 0px 10px;clear: both\">Registergericht:<\/h2>\n<p style=\"padding: 0px;margin: 0px 0px 10px;font-family: 'Open Sans', Helvetica, Arial, Verdana, sans-serif;font-size: 15px\">Stuttgart<br style=\"padding: 0px;margin: 0px\" \/>Kouete Digital Solutions GmbH<br style=\"padding: 0px;margin: 0px\" \/>HRB-Nr.: 787613<br style=\"padding: 0px;margin: 0px\" \/>USt-Id Nr.: DE358031776<\/p>\n<p style=\"padding: 0px;margin: 0px 0px 10px;font-family: 'Open Sans', Helvetica, Arial, Verdana, sans-serif;font-size: 15px\">&#8212;&#8212;&#8212;&#8212;&#8212;&#8212;&#8212;&#8212;&#8212;&#8212;&#8212;&#8212;&#8212;&#8212;&#8212;-<\/p>\n<p style=\"padding: 0px;margin: 0px 0px 10px;font-family: 'Open Sans', Helvetica, Arial, Verdana, sans-serif;font-size: 15px\">Kouete Digital Solutions CMR LTD<br style=\"padding: 0px;margin: 0px\" \/>De Gaulle Residence<br style=\"padding: 0px;margin: 0px\" \/>Douala<\/p>\n<p style=\"padding: 0px;margin: 0px 0px 10px;font-family: 'Open Sans', Helvetica, Arial, Verdana, sans-serif;font-size: 15px\">Telefon:\u00a0<span dir=\"ltr\">+237 651 45 00 26<\/span><br style=\"padding: 0px;margin: 0px\" \/>RCCM Nr.:\u00a0 R. C.\/DLN\/2023\/B\/337<br \/>UNIQUE I. Nr.: M022317974256F<\/p>\n<h2 style=\"padding: 0px;margin: 0px 0px 10px;clear: both\">Verantwortlich f\u00fcr den Inhalt:<\/h2>\n<p style=\"padding: 0px;margin: 0px 0px 10px;font-family: 'Open Sans', Helvetica, Arial, Verdana, sans-serif;font-size: 15px\">Kouete Digital Solutions GmbH<br style=\"padding: 0px;margin: 0px\" \/>Ghislain Kouete<\/p>\n<p style=\"padding: 0px;margin: 0px 0px 10px;font-family: 'Open Sans', Helvetica, Arial, Verdana, sans-serif;font-size: 15px\">Steffen Kr\u00e4mer<\/p>\n<h2 style=\"padding: 0px;margin: 0px 0px 10px;clear: both\">Haftungshinweis:<\/h2>\n<p style=\"padding: 0px;margin: 0px 0px 10px;font-family: 'Open Sans', Helvetica, Arial, Verdana, sans-serif;font-size: 15px\">Die Inhalte der Webseiten der Kouete Digital Solutions GmbH wurde mit gr\u00f6\u00dfter Sorgfalt erstellt. Trotzdem k\u00f6nnen Fehler enthalten sein oder Informationen veraltet. Wir weisen ausdr\u00fccklich darauf hin, dass wir f\u00fcr die Richtigkeit der Informationen und deren Aktualit\u00e4t keinerlei Garantie \u00fcbernehmen k\u00f6nnen. Dies gilt insbesondere auch f\u00fcr die Inhalte externer verlinkten Webseiten.<\/p>\n<p style=\"padding: 0px;margin: 0px 0px 10px;font-family: 'Open Sans', Helvetica, Arial, Verdana, sans-serif;font-size: 15px\">Trotz sorgf\u00e4ltiger inhaltlicher Kontrolle \u00fcbernehmen wir keine Haftung f\u00fcr die Inhalte externer Links. F\u00fcr den Inhalt der verlinkten Seiten sind ausschlie\u00dflich deren Betreiber verantwortlich.<\/p>\n<h2 style=\"padding: 0px;margin: 0px 0px 10px;clear: both\">Copyright:<\/h2>\n<p style=\"padding: 0px;margin: 0px;font-family: 'Open Sans', Helvetica, Arial, Verdana, sans-serif;font-size: 15px\">Der Aufbau sowie der Inhalt der Web-Seite von Kouete Digital Solutions GmbH unterliegen dem Urheberrecht. Die Verwendung der Informationen oder Daten, insbesondere die Wiederverwendung von Texten, Textteilen oder Bildmaterial bedarf unserer ausdr\u00fccklichen und vorherigen Zustimmung!<\/p>\n<p><!-- \/wp:paragraph --><\/p>\t\t\t\t\t\t\t\t<\/div>\n\t\t\t\t<\/div>\n\t\t\t\t\t<\/div>\n\t\t\t\t<\/div>\n\t\t\t\t<\/div>","protected":false},"excerpt":{"rendered":"<p>Publisher Kouete Digital Solutions GmbHKlagenfurter Strasse 5070469 Stuttgart, Germany Phone: +49 173 9403034Email: info@kouete.com Register Court: StuttgartKouete Digital Solutions GmbHCommercial Register No.: HRB 787613VAT ID No.: DE358031776 Kouete Digital Solutions CMR LTDDe Gaulle ResidenceDouala, Cameroon Phone: +237 651 45 00 26Company Registration No.: R. C.\/DLN\/2023\/B\/337Unique ID No.: M022317974256F Responsible for Content: Kouete Digital Solutions GmbHGhislain KoueteSteffen Kr\u00e4mer Disclaimer: The content of the websites of Kouete Digital Solutions GmbH has been created with the greatest care. Nevertheless, errors may occur or information may be outdated. We expressly point out that we do not guarantee the accuracy or timeliness of the information provided. This also applies in particular to the content of external linked websites. Despite careful content control, we assume no liability for the content of external links. The operators of the linked pages are solely responsible for their content. Copyright Notice: The structure and content of the website of Kouete Digital Solutions GmbH are subject to copyright. The use of information or data\u2014especially the reuse of texts, parts of texts, or images\u2014requires our explicit and prior consent. Herausgeber Kouete Digital Solutions GmbHKlagenfurter Strasse 5070469 Stuttgart Telefon:\u00a0+49 173 9403034E-Mail: info@kouete.com Registergericht: StuttgartKouete Digital Solutions GmbHHRB-Nr.: 787613USt-Id Nr.: DE358031776 &#8212;&#8212;&#8212;&#8212;&#8212;&#8212;&#8212;&#8212;&#8212;&#8212;&#8212;&#8212;&#8212;&#8212;&#8212;- Kouete Digital Solutions CMR LTDDe Gaulle ResidenceDouala Telefon:\u00a0+237 651 45 00 26RCCM Nr.:\u00a0 R. C.\/DLN\/2023\/B\/337UNIQUE I. Nr.: M022317974256F Verantwortlich f\u00fcr den Inhalt: Kouete Digital Solutions GmbHGhislain Kouete Steffen Kr\u00e4mer Haftungshinweis: Die Inhalte der Webseiten der Kouete Digital Solutions GmbH wurde mit gr\u00f6\u00dfter Sorgfalt erstellt. Trotzdem k\u00f6nnen Fehler enthalten sein oder Informationen veraltet. Wir weisen ausdr\u00fccklich darauf hin, dass wir f\u00fcr die Richtigkeit der Informationen und deren Aktualit\u00e4t keinerlei Garantie \u00fcbernehmen k\u00f6nnen. Dies gilt insbesondere auch f\u00fcr die Inhalte externer verlinkten Webseiten. Trotz sorgf\u00e4ltiger inhaltlicher Kontrolle \u00fcbernehmen wir keine Haftung f\u00fcr die Inhalte externer Links. F\u00fcr den Inhalt der verlinkten Seiten sind ausschlie\u00dflich deren Betreiber verantwortlich. Copyright: Der Aufbau sowie der Inhalt der Web-Seite von Kouete Digital Solutions GmbH unterliegen dem Urheberrecht. Die Verwendung der Informationen oder Daten, insbesondere die Wiederverwendung von Texten, Textteilen oder Bildmaterial bedarf unserer ausdr\u00fccklichen und vorherigen Zustimmung!<\/p>","protected":false},"author":1,"featured_media":0,"parent":0,"menu_order":0,"comment_status":"closed","ping_status":"closed","template":"","meta":{"footnotes":""},"class_list":["post-1274","page","type-page","status-publish","hentry"],"_links":{"self":[{"href":"https:\/\/www.kouete.com\/de\/wp-json\/wp\/v2\/pages\/1274","targetHints":{"allow":["GET"]}}],"collection":[{"href":"https:\/\/www.kouete.com\/de\/wp-json\/wp\/v2\/pages"}],"about":[{"href":"https:\/\/www.kouete.com\/de\/wp-json\/wp\/v2\/types\/page"}],"author":[{"embeddable":true,"href":"https:\/\/www.kouete.com\/de\/wp-json\/wp\/v2\/users\/1"}],"replies":[{"embeddable":true,"href":"https:\/\/www.kouete.com\/de\/wp-json\/wp\/v2\/comments?post=1274"}],"version-history":[{"count":3,"href":"https:\/\/www.kouete.com\/de\/wp-json\/wp\/v2\/pages\/1274\/revisions"}],"predecessor-version":[{"id":3635,"href":"https:\/\/www.kouete.com\/de\/wp-json\/wp\/v2\/pages\/1274\/revisions\/3635"}],"wp:attachment":[{"href":"https:\/\/www.kouete.com\/de\/wp-json\/wp\/v2\/media?parent=1274"}],"curies":[{"name":"wp","href":"https:\/\/api.w.org\/{rel}","templated":true}]}}